{"id":130,"date":"2012-01-30T18:17:20","date_gmt":"2012-01-30T18:17:20","guid":{"rendered":"http:\/\/127.0.0.1\/Chopin\/?page_id=130"},"modified":"2026-04-03T14:29:06","modified_gmt":"2026-04-03T14:29:06","slug":"contactez-nous","status":"publish","type":"page","link":"https:\/\/www.fondationchopin.org\/de\/index.php\/contactez-nous\/","title":{"rendered":"Fondation Chopin Stichting Stiftung"},"content":{"rendered":"<h4>Fondation Chopin Stichting Stiftung<br \/>\nFondation priv\u00e9e<\/h4>\n<p>Avenue de Tervuren, 199 B.9<br \/>\n1150 Bruxelles<\/p>\n<p>R\u00e9gion de Bruxelles-Capitale<\/p>\n<p>Mobile : +32(0)475.60.50.41<br \/>\nMobile : +32(0)475.70.20.84<\/p>\n<h4>Pr\u00e9sidente, Chantal LOBERT<\/h4>\n<p>tel: +32 475 60 50 41<br \/>\n<a href=\"mailto:chantallobert@yahoo.com?subject=Fondation Chopin\" target=\"_blank\" rel=\"noopener\">chantallobert@yahoo.com<\/a><\/p>\n<h4>Vice-Pr\u00e9sidente, Jos\u00e9e Deriu<\/h4>\n<p>tel: +32(0)475.70.20.84<br \/>\n<a href=\"mailto:deriu.josee@gmail.com?subject=Fondation Chopin\" target=\"_blank\" rel=\"noopener\">deriu.josee@gmail.com<\/a><\/p>\n<h4>Votre soci\u00e9t\u00e9 peut devenir membre d&#8217;honneur, membre effectif de la Fondation Chopin.<\/h4>\n<h4>Il vous est \u00e9galement loisible de manifester votre soutien en cotisant \u00e0 titre personnel.<\/h4>\n","protected":false},"excerpt":{"rendered":"<p>Fondation Chopin Stichting Stiftung Fondation priv\u00e9e Avenue de Tervuren, 199 B.9 1150 Bruxelles R\u00e9gion de Bruxelles-Capitale Mobile : +32(0)475.60.50.41 Mobile : +32(0)475.70.20.84 Pr\u00e9sidente, Chantal LOBERT tel: +32 475 60 50 41 chantallobert@yahoo.com Vice-Pr\u00e9sidente, Jos\u00e9e Deriu tel: +32(0)475.70.20.84 deriu.josee@gmail.com Votre soci\u00e9t\u00e9 peut devenir membre d&#8217;honneur, membre effectif de la Fondation Chopin. Il vous est \u00e9galement loisible &hellip; <a class=\"next\" href=\"https:\/\/www.fondationchopin.org\/de\/index.php\/contactez-nous\/\">Lire la suite<\/a><\/p>\n","protected":false},"author":8,"featured_media":1376,"parent":0,"menu_order":0,"comment_status":"closed","ping_status":"closed","template":"","meta":[],"_links":{"self":[{"href":"https:\/\/www.fondationchopin.org\/de\/index.php\/wp-json\/wp\/v2\/pages\/130"}],"collection":[{"href":"https:\/\/www.fondationchopin.org\/de\/index.php\/wp-json\/wp\/v2\/pages"}],"about":[{"href":"https:\/\/www.fondationchopin.org\/de\/index.php\/wp-json\/wp\/v2\/types\/page"}],"author":[{"embeddable":true,"href":"https:\/\/www.fondationchopin.org\/de\/index.php\/wp-json\/wp\/v2\/users\/8"}],"replies":[{"embeddable":true,"href":"https:\/\/www.fondationchopin.org\/de\/index.php\/wp-json\/wp\/v2\/comments?post=130"}],"version-history":[{"count":32,"href":"https:\/\/www.fondationchopin.org\/de\/index.php\/wp-json\/wp\/v2\/pages\/130\/revisions"}],"predecessor-version":[{"id":2829,"href":"https:\/\/www.fondationchopin.org\/de\/index.php\/wp-json\/wp\/v2\/pages\/130\/revisions\/2829"}],"wp:featuredmedia":[{"embeddable":true,"href":"https:\/\/www.fondationchopin.org\/de\/index.php\/wp-json\/wp\/v2\/media\/1376"}],"wp:attachment":[{"href":"https:\/\/www.fondationchopin.org\/de\/index.php\/wp-json\/wp\/v2\/media?parent=130"}],"curies":[{"name":"wp","href":"https:\/\/api.w.org\/{rel}","templated":true}]}}