{"id":16,"date":"2012-01-29T16:42:16","date_gmt":"2012-01-29T16:42:16","guid":{"rendered":"http:\/\/127.0.0.1\/Chopin\/?page_id=15"},"modified":"2025-11-28T15:13:19","modified_gmt":"2025-11-28T15:13:19","slug":"catalogue-des-oeuvres-et-partitions-de-frederic-chopin","status":"publish","type":"page","link":"https:\/\/www.fondationchopin.org\/de\/index.php\/catalogue-des-oeuvres-et-partitions-de-frederic-chopin\/","title":{"rendered":"Catalogue des \u0153uvres et partitions de Fr\u00e9d\u00e9ric Chopin"},"content":{"rendered":"<ul>\n<li>1817, Polonaise en si b\u00e9mol majeur<\/li>\n<li>1817, Polonaise en sol mineur<\/li>\n<li>1821, Polonaise la b\u00e9mol majeur<\/li>\n<li>1822-1824, Polonaise en sol di\u00e8se mineur<\/li>\n<li>1824, Variations en mi majeur, sur \u00abSteh&#8217; auf, steh&#8217; auf o du Schweitzer Bub\u00bb (chanson traditionnelle allemande)<\/li>\n<li>1824-1832, Mazurkas Op. 7 : Mazurka op. 7 n\u00b0 1 en si b\u00e9mol majeur \u2014 Mazurka opus 7 n\u00b0 2 en la mineur \u2014 n\u00b0 3 en fa mineur \u2014 n\u00b0 4 en la b\u00e9mol majeur \u2014 Mazurka op. 7 n\u00b0 5 en do majeur<\/li>\n<li>1825, Rondo en do mineur, Op. 1<\/li>\n<li>1826, Mazurka en si b\u00e9mol majeur<\/li>\n<li>1826, Mazurka en sol majeur<\/li>\n<li>1826, Polonaise en si b\u00e9mol mineur<\/li>\n<li>1826, Rondo \u00e0 la Mazur en fa majeur, Op. 5<\/li>\n<li>1826, Variations en r\u00e9 majeur, sur un th\u00e8me de Thomas Moore (chant irlandais) pour piano \u00e0 quatre mains<\/li>\n<li>1826-1829, marche fun\u00e8bre en do mineur, Op. 72 n\u00b0 2<\/li>\n<li>1826-1830, Ecossaises Op. 72 : n\u00b0 3, en r\u00e9 majeur \u2014 n\u00b0 4, en sol majeur \u2014 n\u00b0 5 en r\u00e9 b\u00e9mol majeur<\/li>\n<li>1827, Nocturne en mi mineur, Op. 72 n\u00b0 1<\/li>\n<li>1827, Variations en si b\u00e9mol majeur, Op. 2, sur \u00ab La ci darem la mano \u00bb (Mozart, Don Giovanni), piano et orchestre<\/li>\n<li>1827-1829, Polonaises Op. 71 : n\u00b0 1, en r\u00e9 mineur \u2014 n\u00b0 2, en si b\u00e9mol majeur \u2014 n\u00b0 3 en fa mineur<\/li>\n<li>1827-1841, Fugue en la mineur<\/li>\n<li>1827-1849, Mazurkas Op. 68 : n\u00b0 1 en do majeur \u2014 n\u00b0 2 en la mineur \u2014 n\u00b0 3 en fa majeur \u2014 n\u00b0 4 en fa mineur<\/li>\n<li>1828, Fantaisie sur des airs polonais en la majeur pour piano et orchestre Op. 13<\/li>\n<li>1828, Rondo \u00e0 la Krakoviak en fa majeur, Op. 14, Piano et orchestre<\/li>\n<li>1828, Rondo en do majeur, Op. 73, pour 2 pianos<\/li>\n<li>1828, Sonate en do mineur, Op. 4<\/li>\n<li>1829, Concerto, en fa mineur, Op. 21<\/li>\n<li>1829, Mazur en sol majeur (Album de Vaclav Hanka)<\/li>\n<li>1829, Polonaise en sol b\u00e9mol majeur<\/li>\n<li>1829, Souvenir de Paganini, en la majeur<\/li>\n<li>1829, Trio, en sol mineur, Op. 8, Piano, violon, violoncelle<\/li>\n<li>1829-1830, Polonaise en do majeur Op. 3, piano et violoncelle<\/li>\n<li>1829-1830, Valse en mi majeur<\/li>\n<li>1829-1832, Valses [Op. 70] : Valse en sol b\u00e9mol majeur op. 70 n\u00b0 1 (1832) \u2014 Valse en fa mineur op 70 n\u00b0 2 (1842) \u2014 Valse en r\u00e9 b\u00e9mol majeur op. 70 n\u00b0 3 (1829)<\/li>\n<li>1829-1833, \u00c9tudes [Op. 10] : n\u00b0 1, en do majeur \u2014 n\u00b0 2, en la mineur \u2014 n\u00b0 3 en mi\u00a0majeur \u2014 n\u00b0 4, en do di\u00e8se mineur \u2014 n\u00b0 5, en sol b\u00e9mol majeur \u2014 n\u00b0 6 en mi b\u00e9mol mineur \u2014 no 7 en do majeur \u2014 n\u00b0 8 en fa majeur \u2014 no 9 en fa mineur \u2014 n\u00b0 10 en la b\u00e9mol majeur \u2014 n\u00b0 11 en mi b\u00e9mol majeur \u2014 n\u00b0 12 en do mineur<\/li>\n<li>1829-1835, Valses [Op. 69] : Valse en la b\u00e9mol majeur op. 69 n\u00b0 1 (1835) \u2014 Valse en si mineur op. 69 n\u00b0 2 (1829)<\/li>\n<li>1829, Romances Op. 74, pour voix et piano voice et piano : n\u00b0 1 Zyczenie (Le Voeu) en sol majeur, 1829(texte de Stefan Witwicki) \u2014 n\u00b0 2 Wiosna (Printemps)en sol mineur, 1838 (texte de Stefan Witwicki) \u2014 n\u00b0 3 Smutna rzeka (Triste rivi\u00e8re) en fa di\u00e8se mineur, 1831 (texte de Stefan S.Witwicki) \u2014 n\u00b0 4 Hulanka (R\u00e9jouissances)en do majeur, 1830 (texte de StefanWitwicki) \u2014 n\u00b0 5 Gdzie lubi (Ce qu&#8217;elle aime)en la majeur, 1829 (texte de Stefan Witwicki) \u2014 n\u00b0 6 Precz z moich oczu (Loin des yeux)en fa mineur, 1827(texte d&#8217;Adam Mickiewicz) \u2014 n\u00b0 7 Posel (La messag\u00e8re)en r\u00e9 majeur, 1831 (texte de Stefan Witwicki) \u2014 n\u00b0 8 Sliczny chlopiec (Beau gar\u00e7on)en r\u00e9 majeur, 1841 (texte de Bohdan Zaleski) \u2014 n\u00b0 9 Melodia (M\u00e9lodie)en sol majeur, 1847 (texte de Zygmunt Krasinski) \u2014 n\u00b0 10 Wojak (Le Combattant)la b\u00e9mol majeur, 1831 (texte de Stefan Witwicki) \u2014 n\u00b0 11 Dwojaki koniec (La double fin)en r\u00e9 mineur, 1845 (texte de Bohdan Zaleski) \u2014 n\u00b0 12 Moja pieszczotka (Ma ch\u00e9rie)en sol b\u00e9mol majeur, 1837 (texte d&#8217;Adam Mickiewicz) \u2014 n\u00b0 13 Nie ma czego trzeba (Je n&#8217;ai pas ce qu&#8217;il me faut) en la mineur, 1845 (texte de Bohdan Zaleski) \u2014 n\u00b0 14 Pierscien (L&#8217;Anneau)en mi b\u00e9mol majeur , 1836 (texte de Stefan Witwicki) \u2014 n\u00b0 15 Narzeczony (Le fianc\u00e9) en do mineur, 1831 (texte de Stefan Witwicki) \u2014 n\u00b0 16 Piosnka litewska (Chanson lituanienne) en fa majeur, 1831 (texte de Ludwik.Osinski) \u2014 n\u00b0 17 Leci liscie z drzewa (Les feuilles tombent (chant de la tombe) en mi b\u00e9mol mineur , 1836 (texte de Wincenty Pol)<\/li>\n<li>1830, Concerto, en mi mineur, Op. 11<\/li>\n<li>1830, Czary (Magie) pour voix et piano,en r\u00e9 mineur (texte de Stefan Witwicki)<\/li>\n<li>1830, Nocturne en do di\u00e8se mineur<\/li>\n<li>1830, Valse en mi mineur<\/li>\n<li>1830, Valse la b\u00e9mol majeur<\/li>\n<li>1830-1835, Polonaise en mi b\u00e9mol majeur, Op. 22, piano et orchestre<\/li>\n<li>1831, Duo Concertant pour piano et violoncelle en mi majeur, sur un th\u00e8me de \u00abRobert le Diable\u00bb de Meyerbeer<\/li>\n<li>1832, Mazurka en si b\u00e9mol majeur<\/li>\n<li>1832, Mazurkas Op. 6 : n\u00b0 1en fa di\u00e8se mineur \u2014 n\u00b0 2, en do di\u00e8se mineur \u2014 n\u00b0 3 en mi majeur \u2014 n\u00b0 4 en mi b\u00e9mol mineur \u2014 n\u00b0 5 en do majeur,<\/li>\n<li>1832, Nocturnes Op. 9 : n\u00b0 1, en si b\u00e9mol mineur \u2014 n\u00b0 2, en mi b\u00e9mol majeur \u2014 n\u00b0 3 en si majeur<\/li>\n<li>1833, Ballade, en sol mineur, Op. 23<\/li>\n<li>1833, Bol\u00e9ro, en do majeur, Op. 19<\/li>\n<li>1833, Mazurkas Op. 17 : n\u00b0 1 en si b\u00e9mol majeur \u2014 n\u00b0 2, en mi mineur \u2014 n\u00b0 3 la b\u00e9mol majeur \u2014 n\u00b0 4 en la mineur<\/li>\n<li>1833, Mazurkas Op. 24 : Mazurka op. 24 n\u00b0 1 en sol mineur \u2014 n\u00b0 2 en do majeur \u2014 n\u00b0 3 la b\u00e9mol majeur \u2014 n\u00b0 4 en si b\u00e9mol mineur<\/li>\n<li>1833, Nocturnes Op. 15 : n\u00b0 1, en fa majeur \u2014 n\u00b0 2, en fa di\u00e8se majeur \u2014 n\u00b0 3 en sol mineur<\/li>\n<li>1833, Rondo en mi b\u00e9mol majeur , Op. 16<\/li>\n<li>1833, Scherzo en si mineur, Op. 20<\/li>\n<li>1833, Grande Valse Brillante op. 18 en mi b\u00e9mol<\/li>\n<li>1833, Variations brillantes en si b\u00e9mol majeur, Op. 12, sur \u00abJe vends des Scapulaires\u00bb (Harold et Hal\u00e9vy, Ludovic)<\/li>\n<li>1834, Cantabile, en si b\u00e9mol majeur, 1834<\/li>\n<li>1834, Impromptu-Fantasie, en do di\u00e8se mineur, Op. 66<\/li>\n<li>1834, Mazurka la b\u00e9mol majeur<\/li>\n<li>1834, Pr\u00e9lude la b\u00e9mol majeur<\/li>\n<li>1835, Nocturnes Op. 27: n\u00b0 1, en do di\u00e8se mineur \u2014 n\u00b0 2 en r\u00e9 b\u00e9mol majeur<\/li>\n<li>1835, Polonaises Op. 26 : n\u00b0 1, en do di\u00e8se mineur \u2014 n\u00b02, en mi b\u00e9mol mineur<\/li>\n<li>1835-1837, \u00c9tudes Op. 25, n\u00b0 1en la b\u00e9mol majeur \u2014 n\u00b0 2, en fa mineur \u2014 n\u00b0 3 en fa majeur \u2014 n\u00b0 4 en la mineur \u2014 n\u00b0 5 en mi mineur \u2014 n\u00b0 6 en sol di\u00e8se mineur \u2014 no 7 en do di\u00e8se mineur \u2014 n\u00b0 8 r\u00e9 b\u00e9mol majeur \u2014 no 9 en sol b\u00e9mol majeur \u2014 n\u00b0 10 en si mineur \u2014 n\u00b0 11 en la mineur \u2014 n\u00b0 12 en do mineur<\/li>\n<li>1835-1838, Valses Op. 34 : Valse en la b\u00e9mol majeur op. 34 n\u00b0 1 \u2014 Valse brillante en la mineur op. 34 n\u00b0 2 \u2014 Valse brillante en fa majeur op. 34 n\u00b0 3<\/li>\n<li>1835-1849, Mazurkas Op. 67 : n\u00b0 1 en sol majeur \u2014 n\u00b0 2 en sol mineur \u2014 n \u00b0 3 en do majeur \u2014 n\u00b0 4 en la mineur<\/li>\n<li>1836-1837, Mazurkas Op. 30 : n\u00b0 1 en do mineur \u2014 n\u00b0 2 en si mineur \u2014 n\u00b0 3 r\u00e9 b\u00e9mol majeur \u2014 n\u00b0 4 en do di\u00e8se mineur<\/li>\n<li>1837, Impromptu en la b\u00e9mol majeur, Op. 29<\/li>\n<li>1837, Nocturnes Op. 32 : n\u00b0 1 en si majeur \u2014 n\u00b0 2, la b\u00e9mol majeur<\/li>\n<li>1837, Scherzo en si b\u00e9mol mineur, Op. 31<\/li>\n<li>1837, Variation en mi majeur, \u00abHexamerons\u00bb, sur un th\u00e8me de Bellini, la marche des puritain(I Puritani)<\/li>\n<li>1837-1838, Mazurkas Op. 33 : n\u00b0 1 en sol di\u00e8se mineur \u2014 n\u00b0 2, en do majeur \u2014 n\u00b0 3 en r\u00e9 majeur \u2014 n\u00b0 4 en si mineur<\/li>\n<li>1837-1839, Sonate en si b\u00e9mol mineur, Op. 35 (marche fun\u00e8bre)<\/li>\n<li>1838-1839, Mazurkas Op. 41 : n\u00b0 1 en mi mineur \u2014 n\u00b0 2, en si majeur \u2014 n\u00b0 3 la b\u00e9mol majeur \u2014 n\u00b0 4 en do di\u00e8se mineur<\/li>\n<li>1838-1839, Nocturnes Op. 37 : n\u00b0 1, en sol mineur \u2014 n\u00b0 2, en sol majeur, 1838<\/li>\n<li>1838-1839, Polonaises Op. 40 : n\u00b0 1, en la majeur \u2014 n\u00b0 2, en do mineur<\/li>\n<li>1838-1839, Pr\u00e9ludes Op. 28 : n\u00b0 1 en do majeur \u2014 n\u00b0 2, en la mineur \u2014 n\u00b0 3 en sol\u00a0majeur \u2014 Pr\u00e9lude op. 28, n\u00b0 4 en mi mineur, transcrit par Magnus Lewis-Smith d&#8217;apr\u00e8s l&#8217;\u00e9dition Peter pour le projet Mutopia ; \u2014 n\u00b0 5 en r\u00e9 majeur \u2014 Pr\u00e9lude op. 28 n\u00b0 6 en si mineurr \u2014 Pr\u00e9lude op. 28 n\u00b0 7 en la majeur \u2014 n\u00b0 8 en fa di\u00e8se mineur \u2014 n\u00b0 9 en mi majeur \u2014 n\u00b0 10 en do di\u00e8se mineur \u2014 n\u00b0 11 en si majeur \u2014 n\u00b0 12 sol di\u00e8se mineur \u2014 n\u00b0 13 en fa di\u00e8se majeur \u2014 n\u00b0 14 en mi b\u00e9mol mineur \u2014 Pr\u00e9lude op. 28 n\u00b0 15 en r\u00e9 b\u00e9mol majeur \u2014 n\u00b0 16 en si b\u00e9mol mineur \u2014 n\u00b0 17 en la b\u00e9mol majeur \u2014 n\u00b0 18 en fa mineur \u2014 n\u00b0 19 en mi b\u00e9mol majeur \u2014 Pr\u00e9lude op. 28 n\u00b0 20, en do mineur, transcrit par Magnus Lewis-Smith d&#8217;apr\u00e8s l&#8217;\u00e9dition Peter pour le projet Mutopia et \u2014 n\u00b0 21 en si b\u00e9mol majeur \u2014 n\u00b0 22 en sol mineur \u2014 n\u00b0 23 en fa majeur \u2014 n\u00b0 24 en r\u00e9 mineur<\/li>\n<li>1839, Ballade, en fa majeur, Op. 38<\/li>\n<li>1839, Impromptu en fa di\u00e8se majeur, Op. 36<\/li>\n<li>1839, Scherzo en do di\u00e8se mineur<\/li>\n<li>1839-1840, Etude de la M\u00e9thode des M\u00e9thodes: n\u00b01 en fa mineur &#8211; n\u00b02 en la b\u00e9mol majeur &#8211; n\u00b03 en r\u00e9 b\u00e9mol majeur<\/li>\n<li>1840, Mazurka en la mineur<\/li>\n<li>1840, Valse en la b\u00e9mol majeur, Op. 42<\/li>\n<li>1840, Valse en mi b\u00e9mol majeur<\/li>\n<li>1841, Allegro de Concert, en la majeur, Op. 46<\/li>\n<li>1841, Ballade, la b\u00e9mol majeur, Op. 47<\/li>\n<li>1841, Fantaisie, en fa mineur, Op. 49<\/li>\n<li>1841, Mazurka en la mineur (Notre Temps)<\/li>\n<li>1841, Nocturnes Op. 48 : n\u00b0 1, en do mineur \u2014 n\u00b0 2, en fa di\u00e8se mineur<\/li>\n<li>1841, Polonaise en fa di\u00e8se mineur, Op. 44<\/li>\n<li>1841, Pr\u00e9lude en do di\u00e8se mineur, Op. 45, 1841<\/li>\n<li>1841, Tarantelle en la b\u00e9mol majeur, Op. 43<\/li>\n<li>1842, Impromptu en sol b\u00e9mol majeur, Op. 51<\/li>\n<li>1842, Mazurkas Op. 50 : n\u00b0 1 en sol majeur \u2014 n\u00b0 2 en la b\u00e9mol majeur \u2014 n\u00b0 3 en do di\u00e8se mineur<\/li>\n<li>1842-1844, Nocturnes Op. 55 : n\u00b0 1, en fa mineur \u2014 n\u00b0 2, en mi b\u00e9mol majeur 1843, Ballade, en fa mineur, Op. 52<\/li>\n<li>1843, Barcarolle, en fa di\u00e8se majeur, Op. 60<\/li>\n<li>1843,Moderato en mi majeur (Feuille d&#8217;Album)<\/li>\n<li>1843, Polonaise la b\u00e9mol majeur, Op. 53<\/li>\n<li>1843, Scherzo en mi majeur, Op. 54<\/li>\n<li>1843-1844, Mazurkas Op. 56 : n\u00b0 1 en si majeur \u2014 n\u00b0 2 en do majeur, 1842 n\u00b0 3 en do mineur<\/li>\n<li>1844, Berceuse, en r\u00e9 b\u00e9mol majeur, Op. 57<\/li>\n<li>1844, Sonate en si mineur, Op. 57<\/li>\n<li>1845, Mazurkas Op. 59 : n\u00b0 1 en la mineur \u2014 n\u00b0 2, la b\u00e9mol majeur \u2014 n\u00b0 3 en fa di\u00e8se mineur<\/li>\n<li>1846, Nocturnes Op. 62 : n\u00b0 1, en si majeur \u2014 n\u00b0 2, en mi majeur<\/li>\n<li>1846, Polonaise-fantaisie en la b\u00e9mol majeur, Op. 61<\/li>\n<li>1846, Sonate en sol mineur, Op. 65, piano et violoncelle<\/li>\n<li>1846, Mazurkas Op. 63 : n\u00b0 1 en si majeur \u2014 n\u00b0 2 en fa mineur \u2014 n\u00b0 3 en do di\u00e8se mineur<\/li>\n<li>1847, Largo en mi b\u00e9mol majeur<\/li>\n<li>1847, Nocturne en do mineur<\/li>\n<li>1847, Valse en la mineur<\/li>\n<li>1847, Valsees Op. 64 : Valse en r\u00e9 b\u00e9mol majeur op. 64, n\u00b0 1 ( Valse minute ) transcrite par Magnus Lewis-Smith d&#8217;apr\u00e8s l&#8217;\u00e9dition Peter pour le projet Mutopia ; Autre \u00e9dition \u2014 Valse en do di\u00e8se mineur op. 64 n\u00b0 2 \u2014 Valse en la b\u00e9mol majeur op 64 n\u00b0 3.<\/li>\n<li>sd. Dumka (Romance) pour voix et pianoen la mineur, (texte de Bodhan Zaleski)<\/li>\n<\/ul>\n<p>R\u00e9f\u00e9rences: <a title=\"musicologie.org, la Gazette de la musique\" href=\"http:\/\/www.musicologie.org\" target=\"_blank\" rel=\"noopener\">musicologie.org<\/a>\u00a0 2005<\/p>\n","protected":false},"excerpt":{"rendered":"<p>1817, Polonaise en si b\u00e9mol majeur 1817, Polonaise en sol mineur 1821, Polonaise la b\u00e9mol majeur 1822-1824, Polonaise en sol di\u00e8se mineur 1824, Variations en mi majeur, sur \u00abSteh&#8217; auf, steh&#8217; auf o du Schweitzer Bub\u00bb (chanson traditionnelle allemande) 1824-1832, Mazurkas Op. 7 : Mazurka op. 7 n\u00b0 1 en si b\u00e9mol majeur \u2014 Mazurka &hellip; <a class=\"next\" href=\"https:\/\/www.fondationchopin.org\/de\/index.php\/catalogue-des-oeuvres-et-partitions-de-frederic-chopin\/\">Lire la suite<\/a><\/p>\n","protected":false},"author":8,"featured_media":0,"parent":0,"menu_order":0,"comment_status":"closed","ping_status":"closed","template":"","meta":[],"_links":{"self":[{"href":"https:\/\/www.fondationchopin.org\/de\/index.php\/wp-json\/wp\/v2\/pages\/16"}],"collection":[{"href":"https:\/\/www.fondationchopin.org\/de\/index.php\/wp-json\/wp\/v2\/pages"}],"about":[{"href":"https:\/\/www.fondationchopin.org\/de\/index.php\/wp-json\/wp\/v2\/types\/page"}],"author":[{"embeddable":true,"href":"https:\/\/www.fondationchopin.org\/de\/index.php\/wp-json\/wp\/v2\/users\/8"}],"replies":[{"embeddable":true,"href":"https:\/\/www.fondationchopin.org\/de\/index.php\/wp-json\/wp\/v2\/comments?post=16"}],"version-history":[{"count":4,"href":"https:\/\/www.fondationchopin.org\/de\/index.php\/wp-json\/wp\/v2\/pages\/16\/revisions"}],"predecessor-version":[{"id":2740,"href":"https:\/\/www.fondationchopin.org\/de\/index.php\/wp-json\/wp\/v2\/pages\/16\/revisions\/2740"}],"wp:attachment":[{"href":"https:\/\/www.fondationchopin.org\/de\/index.php\/wp-json\/wp\/v2\/media?parent=16"}],"curies":[{"name":"wp","href":"https:\/\/api.w.org\/{rel}","templated":true}]}}