{"id":10,"date":"2012-07-17T12:27:58","date_gmt":"2012-07-17T12:27:58","guid":{"rendered":"http:\/\/fondationchopin.org\/?page_id=10"},"modified":"2021-12-28T14:05:26","modified_gmt":"2021-12-28T14:05:26","slug":"page-daccueil-de-la-fondation-chopin-belgique","status":"publish","type":"page","link":"https:\/\/www.fondationchopin.org\/fr\/","title":{"rendered":"Fondation Chopin Belgique"},"content":{"rendered":"\r\n<h2>La Fondation en image.<\/h2>\r\n\r\n\r\n<div id=\"metaslider-id-1419\" style=\"max-width: 500px;\" class=\"ml-slider-3-23-0 metaslider metaslider-flex metaslider-1419 ml-slider nav-hidden\">\n    <div id=\"metaslider_container_1419\">\n        <div id=\"metaslider_1419\">\n            <ul aria-live=\"polite\" class=\"slides\">\n                <li style=\"display: block; width: 100%;\" class=\"slide-1461 ms-image\"><img src=\"https:\/\/www.fondationchopin.org\/wp-content\/uploads\/2021\/09\/photo-1-500x500.jpg\" height=\"500\" width=\"500\" alt=\"\" class=\"slider-1419 slide-1461\" title=\"photo-1\" \/><\/li>\n                <li style=\"display: none; width: 100%;\" class=\"slide-1441 ms-image\"><img src=\"https:\/\/www.fondationchopin.org\/wp-content\/uploads\/2021\/09\/dsc01364-399x399.jpg\" height=\"500\" width=\"500\" alt=\"\" class=\"slider-1419 slide-1441\" title=\"dsc01364\" \/><\/li>\n                <li style=\"display: none; width: 100%;\" class=\"slide-2534 ms-image\"><img src=\"https:\/\/www.fondationchopin.org\/wp-content\/uploads\/2024\/06\/IMG_3168-scaled-500x500.jpg\" height=\"500\" width=\"500\" alt=\"\" class=\"slider-1419 slide-2534\" title=\"IMG_3168\" \/><\/li>\n                <li style=\"display: none; width: 100%;\" class=\"slide-1891 ms-image\"><img src=\"https:\/\/www.fondationchopin.org\/wp-content\/uploads\/2021\/12\/1640700557910-4bd70b1f-749b-4727-983c-f7401ca6ac5a-scaled-500x500.jpg\" height=\"500\" width=\"500\" alt=\"\" class=\"slider-1419 slide-1891\" title=\"1640700557910-4bd70b1f-749b-4727-983c-f7401ca6ac5a\" \/><\/li>\n                <li style=\"display: none; width: 100%;\" class=\"slide-1702 ms-image\"><img src=\"https:\/\/www.fondationchopin.org\/wp-content\/uploads\/2012\/01\/DSC00844-500x500.jpg\" height=\"500\" width=\"500\" alt=\"\" class=\"slider-1419 slide-1702\" title=\"{:en}DSC00844{:}{:fr}DSC00844{:}\" \/><\/li>\n                <li style=\"display: none; width: 100%;\" class=\"slide-1462 ms-image\"><img src=\"https:\/\/www.fondationchopin.org\/wp-content\/uploads\/2021\/10\/IMG_3492-scaled-500x500.jpg\" height=\"500\" width=\"500\" alt=\"\" class=\"slider-1419 slide-1462\" title=\"IMG_3492\" \/><\/li>\n                <li style=\"display: none; width: 100%;\" class=\"slide-1890 ms-image\"><img src=\"https:\/\/www.fondationchopin.org\/wp-content\/uploads\/2021\/12\/1640700437940-0ca28c9a-9a31-4fc9-a08e-3d627a59ce9a-scaled-500x500.jpg\" height=\"500\" width=\"500\" alt=\"\" class=\"slider-1419 slide-1890\" title=\"1640700437940-0ca28c9a-9a31-4fc9-a08e-3d627a59ce9a\" \/><\/li>\n                <li style=\"display: none; width: 100%;\" class=\"slide-1700 ms-image\"><img src=\"https:\/\/www.fondationchopin.org\/wp-content\/uploads\/2015\/11\/CHOPIN-2013_10_13-DSC04843-Amb-500x500.jpg\" height=\"500\" width=\"500\" alt=\"\" class=\"slider-1419 slide-1700\" title=\"{:en}SONY DSC{:}{:fr}SONY DSC{:}\" \/><div class=\"caption-wrap\"><div class=\"caption\">SONY DSC<\/div><\/div><\/li>\n                <li style=\"display: none; width: 100%;\" class=\"slide-2551 ms-image\"><img src=\"https:\/\/www.fondationchopin.org\/wp-content\/uploads\/2024\/06\/1640700270184-c84ff51a-4d9c-4863-b916-4a9a3a28f737-scaled-500x500.jpg\" height=\"500\" width=\"500\" alt=\"\" class=\"slider-1419 slide-2551\" title=\"1640700270184-c84ff51a-4d9c-4863-b916-4a9a3a28f737\" \/><\/li>\n                <li style=\"display: none; width: 100%;\" class=\"slide-2532 ms-image\"><img src=\"https:\/\/www.fondationchopin.org\/wp-content\/uploads\/2024\/06\/DSC_0469-500x500.jpg\" height=\"500\" width=\"500\" alt=\"\" class=\"slider-1419 slide-2532\" title=\"DSC_0469\" \/><\/li>\n                <li style=\"display: none; width: 100%;\" class=\"slide-2552 ms-image\"><img src=\"https:\/\/www.fondationchopin.org\/wp-content\/uploads\/2024\/03\/1711123350189blob-scaled-500x500.jpg\" height=\"500\" width=\"500\" alt=\"\" class=\"slider-1419 slide-2552\" title=\"1711123350189blob\" \/><\/li>\n                <li style=\"display: none; width: 100%;\" class=\"slide-1756 ms-image\"><img src=\"https:\/\/www.fondationchopin.org\/wp-content\/uploads\/2021\/10\/IMG_0040-rotated-360x360.jpg\" height=\"500\" width=\"500\" alt=\"\" class=\"slider-1419 slide-1756\" title=\"IMG_0040\" \/><\/li>\n                <li style=\"display: none; width: 100%;\" class=\"slide-1459 ms-image\"><img src=\"https:\/\/www.fondationchopin.org\/wp-content\/uploads\/2021\/09\/photo3-500x500.jpg\" height=\"500\" width=\"500\" alt=\"\" class=\"slider-1419 slide-1459\" title=\"photo3\" \/><\/li>\n                <li style=\"display: none; width: 100%;\" class=\"slide-1450 ms-image\"><img src=\"https:\/\/www.fondationchopin.org\/wp-content\/uploads\/2021\/09\/19122004agawinskageorgeslison-500x500.jpg\" height=\"500\" width=\"500\" alt=\"\" class=\"slider-1419 slide-1450\" title=\"19122004agawinskageorgeslison\" \/><\/li>\n                <li style=\"display: none; width: 100%;\" class=\"slide-1458 ms-image\"><img src=\"https:\/\/www.fondationchopin.org\/wp-content\/uploads\/2021\/09\/photo-4-500x500.jpg\" height=\"500\" width=\"500\" alt=\"\" class=\"slider-1419 slide-1458\" title=\"photo-4\" \/><\/li>\n                <li style=\"display: none; width: 100%;\" class=\"slide-1701 ms-image\"><img src=\"https:\/\/www.fondationchopin.org\/wp-content\/uploads\/2015\/11\/DSC060311-e1448553644550-500x500.jpg\" height=\"500\" width=\"500\" alt=\"\" class=\"slider-1419 slide-1701\" title=\"{:en}SONY DSC{:}{:fr}SONY DSC{:}\" \/><\/li>\n                <li style=\"display: none; width: 100%;\" class=\"slide-1460 ms-image\"><img src=\"https:\/\/www.fondationchopin.org\/wp-content\/uploads\/2021\/09\/photo2-500x500.jpg\" height=\"500\" width=\"500\" alt=\"\" class=\"slider-1419 slide-1460\" title=\"photo2\" \/><\/li>\n                <li style=\"display: none; width: 100%;\" class=\"slide-2526 ms-image\"><img src=\"https:\/\/www.fondationchopin.org\/wp-content\/uploads\/2024\/06\/1640700533599-894feda8-eabc-41c2-804e-b09d3c046ce9-scaled-500x500.jpg\" height=\"500\" width=\"500\" alt=\"\" class=\"slider-1419 slide-2526\" title=\"1640700533599-894feda8-eabc-41c2-804e-b09d3c046ce9\" \/><\/li>\n                <li style=\"display: none; width: 100%;\" class=\"slide-2529 ms-image\"><img src=\"https:\/\/www.fondationchopin.org\/wp-content\/uploads\/2024\/03\/webYG231207-0123-428x428.jpg\" height=\"500\" width=\"500\" alt=\"\" class=\"slider-1419 slide-2529\" title=\"CWAL-Namur-Xmas Dinner-231207\" \/><div class=\"caption-wrap\"><div class=\"caption\">CWAL-Namur-Xmas Dinner-231207<\/div><\/div><\/li>\n                <li style=\"display: none; width: 100%;\" class=\"slide-2528 ms-image\"><img src=\"https:\/\/www.fondationchopin.org\/wp-content\/uploads\/2024\/06\/IMG_0066-500x500.png\" height=\"500\" width=\"500\" alt=\"\" class=\"slider-1419 slide-2528\" title=\"IMG_0066\" \/><\/li>\n                <li style=\"display: none; width: 100%;\" class=\"slide-1447 ms-image\"><img src=\"https:\/\/www.fondationchopin.org\/wp-content\/uploads\/2021\/09\/19122004elpuyolaureat-500x500.jpg\" height=\"500\" width=\"500\" alt=\"\" class=\"slider-1419 slide-1447\" title=\"19122004elpuyolaureat\" \/><\/li>\n                <li style=\"display: none; width: 100%;\" class=\"slide-1457 ms-image\"><img src=\"https:\/\/www.fondationchopin.org\/wp-content\/uploads\/2021\/09\/photo-5-500x500.jpg\" height=\"500\" width=\"500\" alt=\"\" class=\"slider-1419 slide-1457\" title=\"photo-5\" \/><\/li>\n                <li style=\"display: none; width: 100%;\" class=\"slide-1753 ms-image\"><img src=\"https:\/\/www.fondationchopin.org\/wp-content\/uploads\/2021\/10\/DSC_0318-scaled-500x500.jpg\" height=\"500\" width=\"500\" alt=\"\" class=\"slider-1419 slide-1753\" title=\"DSC_0318\" \/><\/li>\n                <li style=\"display: none; width: 100%;\" class=\"slide-1442 ms-image\"><img src=\"https:\/\/www.fondationchopin.org\/wp-content\/uploads\/2021\/09\/laurent-500x500.jpg\" height=\"500\" width=\"500\" alt=\"\" class=\"slider-1419 slide-1442\" title=\"laurent\" \/><\/li>\n                <li style=\"display: none; width: 100%;\" class=\"slide-1698 ms-image\"><img src=\"https:\/\/www.fondationchopin.org\/wp-content\/uploads\/2021\/01\/IMG_1893-1-336x336.jpg\" height=\"500\" width=\"500\" alt=\"\" class=\"slider-1419 slide-1698\" title=\"{:en}IMG_1893{:}{:fr}IMG_1893{:}\" \/><\/li>\n                <li style=\"display: none; width: 100%;\" class=\"slide-1888 ms-image\"><img src=\"https:\/\/www.fondationchopin.org\/wp-content\/uploads\/2021\/12\/1640700332410-0f590347-3edf-4be8-956c-5df47321b368-scaled-500x500.jpg\" height=\"500\" width=\"500\" alt=\"\" class=\"slider-1419 slide-1888\" title=\"1640700332410-0f590347-3edf-4be8-956c-5df47321b368\" \/><\/li>\n                <li style=\"display: none; width: 100%;\" class=\"slide-1887 ms-image\"><img src=\"https:\/\/www.fondationchopin.org\/wp-content\/uploads\/2021\/12\/1640700508978-0ddde676-10b2-491f-8dd5-48c0f33192d8-scaled-500x500.jpg\" height=\"500\" width=\"500\" alt=\"\" class=\"slider-1419 slide-1887\" title=\"1640700508978-0ddde676-10b2-491f-8dd5-48c0f33192d8\" \/><\/li>\n                <li style=\"display: none; width: 100%;\" class=\"slide-2554 ms-image\"><img src=\"https:\/\/www.fondationchopin.org\/wp-content\/uploads\/2024\/06\/fondation-chopin-2022.09.29-2-500x500.jpg\" height=\"500\" width=\"500\" alt=\"\" class=\"slider-1419 slide-2554\" title=\"fondation-chopin-2022.09.29-2\" \/><\/li>\n                <li style=\"display: none; width: 100%;\" class=\"slide-1754 ms-image\"><img src=\"https:\/\/www.fondationchopin.org\/wp-content\/uploads\/2021\/10\/DSC_0294-scaled-500x500.jpg\" height=\"500\" width=\"500\" alt=\"\" class=\"slider-1419 slide-1754\" title=\"DSC_0294\" \/><\/li>\n            <\/ul>\n        <\/div>\n        \n    <\/div>\n<\/div>\n\r\n\r\n\r\n<h2>Notre Mission<\/h2>\r\n\r\n\r\n\r\n<blockquote class=\"wp-block-quote\">\r\n<p>Chaque ann\u00e9e, la Fondation Chopin offre un prix \u00ab\u00a0Laur\u00e9at Fondation Chopin\u00a0\u00bb qui repr\u00e9sente pour le jeune talent polonais un stage de piano sous la direction de Ma\u00eetre Jean Claude Vanden Eynden au Centre Musical Eduardo Del Puyeo ou un stage chez un Ma\u00eetre de son choix.<\/p>\r\n<p>Dans le m\u00eame esprit un jeune talent belge suit des cours de piano \u00e0 Varsovie, \u00e0 l&rsquo;Akademia Fr. Chopina sous la direction de grands ma\u00eetres polonais, ou un stage \u00e0 l&rsquo;\u00e9tranger ou en Belgique.\u00a0<\/p>\r\n<p>Des m\u00e9lomanes se rencontrent lors d\u2019\u00e9v\u00e8nements musicaux pour partager leur passion de la musique et \u00eatre actifs dans un r\u00f4le de m\u00e9c\u00e8ne.<\/p>\r\n<\/blockquote>\r\n","protected":false},"excerpt":{"rendered":"<p>La Fondation en image. Notre Mission Chaque ann\u00e9e, la Fondation Chopin offre un prix \u00ab\u00a0Laur\u00e9at Fondation Chopin\u00a0\u00bb qui repr\u00e9sente pour le jeune talent polonais un stage de piano sous la direction de Ma\u00eetre Jean Claude Vanden Eynden au Centre Musical Eduardo Del Puyeo ou un stage chez un Ma\u00eetre de son choix. Dans le m\u00eame &hellip; <a class=\"next\" href=\"https:\/\/www.fondationchopin.org\/fr\/\">Lire la suite<\/a><\/p>\n","protected":false},"author":8,"featured_media":0,"parent":0,"menu_order":0,"comment_status":"open","ping_status":"open","template":"home.php","meta":[],"_links":{"self":[{"href":"https:\/\/www.fondationchopin.org\/fr\/index.php\/wp-json\/wp\/v2\/pages\/10"}],"collection":[{"href":"https:\/\/www.fondationchopin.org\/fr\/index.php\/wp-json\/wp\/v2\/pages"}],"about":[{"href":"https:\/\/www.fondationchopin.org\/fr\/index.php\/wp-json\/wp\/v2\/types\/page"}],"author":[{"embeddable":true,"href":"https:\/\/www.fondationchopin.org\/fr\/index.php\/wp-json\/wp\/v2\/users\/8"}],"replies":[{"embeddable":true,"href":"https:\/\/www.fondationchopin.org\/fr\/index.php\/wp-json\/wp\/v2\/comments?post=10"}],"version-history":[{"count":19,"href":"https:\/\/www.fondationchopin.org\/fr\/index.php\/wp-json\/wp\/v2\/pages\/10\/revisions"}],"predecessor-version":[{"id":2160,"href":"https:\/\/www.fondationchopin.org\/fr\/index.php\/wp-json\/wp\/v2\/pages\/10\/revisions\/2160"}],"wp:attachment":[{"href":"https:\/\/www.fondationchopin.org\/fr\/index.php\/wp-json\/wp\/v2\/media?parent=10"}],"curies":[{"name":"wp","href":"https:\/\/api.w.org\/{rel}","templated":true}]}}