{"id":128,"date":"2012-01-30T18:13:18","date_gmt":"2012-01-30T18:13:18","guid":{"rendered":"http:\/\/127.0.0.1\/Chopin\/?page_id=128"},"modified":"2025-11-28T15:23:13","modified_gmt":"2025-11-28T15:23:13","slug":"devenir-membre-de-la-fondation-chopin-belgique","status":"publish","type":"page","link":"https:\/\/www.fondationchopin.org\/fr\/index.php\/devenir-membre-de-la-fondation-chopin-belgique\/","title":{"rendered":"Devenir membre de la Fondation Chopin Belgique"},"content":{"rendered":"<h2>DEMANDE D\u2019AFFILIATION<\/h2>\n<p>Juin 2026 &#8211; Juin 2027<\/p>\n<p>Chers Amis de la Fondation Stichting Stiftung Chopin, Chers Amis M\u00e9lomanes, La Fondation Stichting Stiftung Chopin est tr\u00e8s heureuse d\u2019accueillir chaque ann\u00e9e de nouveaux membres.<\/p>\n<p>Elle est bas\u00e9e sur du b\u00e9n\u00e9volat et soutenue financi\u00e8rement par votre g\u00e9n\u00e9rosit\u00e9 et cela depuis 20 Ans gr\u00e2ce \u00e0 l\u2019organisation de concerts et \u00e0 une cotisation annuelle de 40 \u20ac vers\u00e9e par nos fid\u00e8les affili\u00e9s ou de 100 \u20ac vers\u00e9e par nos fid\u00e8les membres d\u2019Honneur.<\/p>\n<p>Cette cotisation permet d\u2019\u00eatre inform\u00e9 par email ou par courrier de l\u2019organisation de tous nos concerts. Gr\u00e2ce \u00e0 votre soutien financier et gr\u00e2ce \u00e0 votre pr\u00e9sence, nous pouvons financer des stages de piano, violon et chant pour de jeunes talents belges et polonais.<\/p>\n<p>En devenant membre affili\u00e9 ou Membre d\u2019Honneur, vous aurez le plaisir de d\u00e9couvrir nos jeunes talents \u00e0 des conditions pr\u00e9f\u00e9rentielles.<\/p>\n<p>Nous vous serions tr\u00e8s reconnaissants de bien vouloir nous aider \u00e0 continuer ensemble \u00e0 d\u00e9velopper cette belle mission que nous avons la chance d\u2019assumer avec le soutien g\u00e9n\u00e9reux de l\u2019Ambassadeur de Pologne SEM Rafal Siemianowski, les membres du conseil d\u2019administration et nos conseillers, tous b\u00e9n\u00e9voles.<\/p>\n<h4>Devenir membre<\/h4>\n<ul>\n<li>M et\/ou Mme : \u2026\u2026\u2026\u2026\u2026\u2026\u2026\u2026\u2026\u2026\u2026\u2026\u2026\u2026\u2026\u2026\u2026\u2026\u2026<\/li>\n<li>Soci\u00e9t\u00e9 :\u2026\u2026\u2026\u2026\u2026\u2026\u2026\u2026\u2026\u2026\u2026\u2026\u2026\u2026\u2026\u2026\u2026\u2026\u2026<\/li>\n<li>Adresse :\u2026\u2026\u2026\u2026\u2026\u2026\u2026\u2026\u2026\u2026\u2026\u2026\u2026\u2026\u2026\u2026\u2026\u2026\u2026<\/li>\n<li>Email \u2026\u2026\u2026\u2026\u2026\u2026\u2026\u2026\u2026\u2026\u2026\u2026\u2026\u2026\u2026\u2026\u2026\u2026\u2026<\/li>\n<li>GSM : \u2026\u2026\u2026\u2026\u2026\u2026\u2026\u2026\u2026\u2026\u2026\u2026\u2026\u2026\u2026\u2026\u2026\u2026\u2026<\/li>\n<li>Souhaite(nt) une facture: O oui O non<\/li>\n<\/ul>\n<h4>Verse(nt) 40 \u20ac (Affili\u00e9) ou 100 \u20ac (Membre d\u2019Honneur) sur le compte de la FONDATION STICHTING STIFTUNG CHOPIN : <br \/>BNP PARIBAS FORTIS IBAN : BE08 0018 6526 2813 &#8211; BIC : GEBABEBB.<\/h4>\n<p>Merci de soutenir nos jeunes talents musicaux.<\/p>\n","protected":false},"excerpt":{"rendered":"<p>DEMANDE D\u2019AFFILIATION Juin 2026 &#8211; Juin 2027 Chers Amis de la Fondation Stichting Stiftung Chopin, Chers Amis M\u00e9lomanes, La Fondation Stichting Stiftung Chopin est tr\u00e8s heureuse d\u2019accueillir chaque ann\u00e9e de nouveaux membres. Elle est bas\u00e9e sur du b\u00e9n\u00e9volat et soutenue financi\u00e8rement par votre g\u00e9n\u00e9rosit\u00e9 et cela depuis 20 Ans gr\u00e2ce \u00e0 l\u2019organisation de concerts et &hellip; <a class=\"next\" href=\"https:\/\/www.fondationchopin.org\/fr\/index.php\/devenir-membre-de-la-fondation-chopin-belgique\/\">Lire la suite<\/a><\/p>\n","protected":false},"author":8,"featured_media":0,"parent":0,"menu_order":0,"comment_status":"closed","ping_status":"closed","template":"","meta":[],"_links":{"self":[{"href":"https:\/\/www.fondationchopin.org\/fr\/index.php\/wp-json\/wp\/v2\/pages\/128"}],"collection":[{"href":"https:\/\/www.fondationchopin.org\/fr\/index.php\/wp-json\/wp\/v2\/pages"}],"about":[{"href":"https:\/\/www.fondationchopin.org\/fr\/index.php\/wp-json\/wp\/v2\/types\/page"}],"author":[{"embeddable":true,"href":"https:\/\/www.fondationchopin.org\/fr\/index.php\/wp-json\/wp\/v2\/users\/8"}],"replies":[{"embeddable":true,"href":"https:\/\/www.fondationchopin.org\/fr\/index.php\/wp-json\/wp\/v2\/comments?post=128"}],"version-history":[{"count":60,"href":"https:\/\/www.fondationchopin.org\/fr\/index.php\/wp-json\/wp\/v2\/pages\/128\/revisions"}],"predecessor-version":[{"id":2747,"href":"https:\/\/www.fondationchopin.org\/fr\/index.php\/wp-json\/wp\/v2\/pages\/128\/revisions\/2747"}],"wp:attachment":[{"href":"https:\/\/www.fondationchopin.org\/fr\/index.php\/wp-json\/wp\/v2\/media?parent=128"}],"curies":[{"name":"wp","href":"https:\/\/api.w.org\/{rel}","templated":true}]}}