{"id":680,"date":"2013-03-17T08:47:26","date_gmt":"2013-03-17T08:47:26","guid":{"rendered":"http:\/\/www.fondationchopin.org\/?page_id=680"},"modified":"2026-04-03T14:18:38","modified_gmt":"2026-04-03T14:18:38","slug":"devenir-sponsor-de-la-fondation-chopin","status":"publish","type":"page","link":"https:\/\/www.fondationchopin.org\/index.php\/devenir-sponsor-de-la-fondation-chopin\/","title":{"rendered":"Become a sponsor of the Chopin Foundation"},"content":{"rendered":"<h2>SPONSORING 2026-2027<\/h2>\r\n<p><!-- \/wp:heading --><\/p>\r\n<p><!-- wp:paragraph --><\/p>\r\n<p>Madame, Monsieur, Chers Amis de la F.S.S. Chopin<\/p>\r\n<p><!-- \/wp:paragraph --><\/p>\r\n<p><!-- wp:paragraph --><\/p>\r\n<p>La Fondation Stichting Stiftung Chopin (en abr\u00e9g\u00e9 F.S.S. Chopin) remplit sa mission gr\u00e2ce \u00e0 votre soutien g\u00e9n\u00e9reux. Le conseil d\u2019administration est compos\u00e9 de b\u00e9n\u00e9voles et les activit\u00e9s, telles que des Concerts, D\u00eeners de Gala, Conf\u00e9rences organis\u00e9es par la F.S.S. Chopin sont r\u00e9alis\u00e9es dans le but d\u2019offrir des bourses d\u2019\u00e9tudes \u00e0 de jeunes virtuoses de talent. Nous faisons appel \u00e0 votre bienveillance et vous proposons les possibilit\u00e9s de sponsoring suivantes :<\/p>\r\n<p><!-- \/wp:paragraph --><\/p>\r\n<p><!-- wp:heading {\"level\":3} --><\/p>\r\n<h3>MAJOR SPONSOR : \u00a0 \u00a0 \u00a0 5 OOO \u20ac<\/h3>\r\n<p><!-- \/wp:heading --><\/p>\r\n<p><!-- wp:paragraph --><\/p>\r\n<p>1.Un concert (pour environ 100 personnes) est organis\u00e9 en l\u2019honneur du Sponsor par la F.S.S. Chopin dans un lieu choisi de commun accord et dans la langue ou les langues de son choix.<\/p>\r\n<p>2.Le Sponsor en accord avec la F.S.S. Chopin ou la F.S.S. Chopin s\u00e9lectionne un jeune musicien polonais ou belge qui participera au concert et sera \u00e9lu Laur\u00e9at de la F.S.S. Chopin. Un stage musical sera offert au Laur\u00e9at.<\/p>\r\n<p>3.Le logo du Sponsor sera pr\u00e9sent dans l\u2019invitation, le programme du concert et sur le site de la F.S.S. Chopin.<\/p>\r\n<p>4.Lors du concert organis\u00e9 en son honneur, le Sponsor pourra prononcer un discours s\u2019il le souhaite, afin de promouvoir son entreprise ou son activit\u00e9.<br \/>Le Sponsor attribuera 20 places offertes \u00e0 la F.S.S. Chopin.<\/p>\r\n<p>5.Une r\u00e9ception est comprise dans ce sponsoring, si le sponsor souhaite un buffet ou un walking dinner, la F.S.S. Chopin peut l\u2019organiser moyennant un suppl\u00e9ment \u00e0 convenir avec le Sponsor.<\/p>\r\n<h3><strong>GOLD SPONSOR :\u00a0 \u00a0 \u00a0 \u00a0 \u00a0 2 500 \u20ac<\/strong><\/h3>\r\n<p><!-- \/wp:paragraph --><\/p>\r\n<p><!-- wp:paragraph --><\/p>\r\n<p>1.Lors d\u2019un concert organis\u00e9 par la F.S.S. Chopin, le Sponsor sera cit\u00e9 comme Parrain d\u2019un jeune Laur\u00e9at virtuose propos\u00e9 par le C.A. de la F.S.S. Chopin. \u00a0\u00a0\u00a0\u00a0Il disposera d\u2019une bourse afin de suivre des cours et sera \u00e9lu avec l\u2019approbation du Sponsor.<\/p>\r\n<p>2.Les langues principales seront le fran\u00e7ais et\/ou le n\u00e9erlandais. Un mot de bienvenue sera pr\u00e9vu en polonais, anglais et allemand.<\/p>\r\n<p>3.Le logo du Sponsor et le nom de sa soci\u00e9t\u00e9 seront pr\u00e9sents dans le programme et sur le site de la F.S.S. Chopin dans la langue de son choix.<\/p>\r\n<p>4.La F.S.S. Chopin offrira 4 places aux invit\u00e9s du Sponsor.<\/p>\r\n<p><!-- \/wp:paragraph --><\/p>\r\n<p><!-- wp:heading {\"level\":3} --><\/p>\r\n<h3>SILVER SPONSOR : \u00a0 1.500 \u20ac<\/h3>\r\n<p><!-- \/wp:heading --><\/p>\r\n<p><!-- wp:paragraph --><\/p>\r\n<p>1.Un jeune Laur\u00e9at d\u00e9sign\u00e9 par le C.A. de la F.S.S. Chopin, en accord avec le Sponsor, se verra octroyer une bourse d\u2019\u00e9tude.<\/p>\r\n<p>2.La pr\u00e9sentation du concert se fera en 5 langues\u00a0: principalement le fran\u00e7ais et n\u00e9erlandais avec un mot de bienvenue en anglais, polonais et allemand.<\/p>\r\n<p>3.Lors d\u2019un concert organis\u00e9 par la F.S.S. Chopin, la soci\u00e9t\u00e9 du Sponsor sera cit\u00e9e dans le programme et son logo sera plac\u00e9 sur le site.<\/p>\r\n<p>4.Deux places seront offertes au Sponsor<\/p>\r\n<p><!-- \/wp:paragraph --><\/p>\r\n<p><!-- wp:heading {\"level\":3} --><\/p>\r\n<h3>DIAMOND SPONSOR POUR 1 AN : 10 000 \u20ac<\/h3>\r\n<p><!-- \/wp:heading --><\/p>\r\n<p><!-- wp:paragraph --><\/p>\r\n<p>1.Plusieurs bourses seront offertes \u00e0 plusieurs jeunes musiciens de talent exceptionnel d\u00e9sign\u00e9s par le conseil d\u2019administration de la F.S.S. Chopin sur proposition de Ma\u00eetre Jean-Claude Vanden Eynden et de Madame V\u00e9ronique Bogaerts et en accord avec le Sponsor et\/ou de jeunes talents seront propos\u00e9s par le Sponsor.<\/p>\r\n<p>2.Le Sponsor aura la priorit\u00e9 pour le renouvellement du sponsoring dont la dur\u00e9e sera fix\u00e9e de commun accord entre le C.A. et le Sponsor.<\/p>\r\n<p>3.La F.S.S. Chopin s\u2019engage \u00e0 ne pas demander de sponsoring ou \u00e0 ne pas faire de la publicit\u00e9 pour une soci\u00e9t\u00e9 concurrente de son Sponsor Principal durant toute la p\u00e9riode de sponsoring.<\/p>\r\n<p>4.La langue ou les langues utilis\u00e9es dans la pr\u00e9sentation du concert, pour les invitations, les programmes, la publicit\u00e9 sera choisie par le Sponsor.<\/p>\r\n<p>5.Un concert peut \u00eatre organis\u00e9 en l\u2019honneur du Sponsor avec les jeunes talents qui auront \u00e9t\u00e9 s\u00e9lectionn\u00e9s comme interpr\u00e8tes et ce \u00e0 la fin des cours octroy\u00e9s pour une ann\u00e9e. Le Sponsor disposera de 40 places offertes lors de ce concert.<\/p>\r\n<p>6.Le Sponsor aura la possibilit\u00e9 de pr\u00e9senter son entreprise au public. Il restera mentionn\u00e9 sur le site de la F.S.S. Chopin avec un lien vers sa soci\u00e9t\u00e9 et dans tous les programmes de la F.S.S. Chopin lors de manifestations organis\u00e9es durant toute la dur\u00e9e du sponsoring.<\/p>\r\n<p><!-- \/wp:paragraph --><\/p>\r\n<p><!-- wp:paragraph --><\/p>\r\n<p><!-- \/wp:paragraph --><\/p>\r\n<p><!-- wp:paragraph --><\/p>\r\n<p>Si vous souhaitez contribuer \u00e0 ce programme de sponsoring, veuillez avoir \u00a0l\u2019amabilit\u00e9 de contacter Mme Chantal Lobert\u00a0: <a href=\"mailto:chantallobert@yahoo.com\">chantallobert@yahoo.com<\/a> GSM 0475 605041 et\/ou Mme Jos\u00e9e Deriu\u00a0: <a href=\"mailto:deriu.josee@gmail.com\">deriu.josee@gmail.com<\/a> GSM 0475 702084.<\/p>\r\n<p><!-- \/wp:paragraph --><\/p>\r\n<p><!-- wp:paragraph --><\/p>\r\n<p>Notre site : <a href=\"https:\/\/www.fondationchopin.org\/\">www.fondationchopin.org<\/a>.<\/p>\r\n<p>Nous vous remercions d\u2019avance de nous aider \u00e0 continuer cette noble cause de la Fondation Stichting Stiftung Chopin qui contribue depuis plus de 20 Ans \u00e0 soutenir de jeunes musiciens qui enrichissent notre vie quotidienne par leur talent et leur courage. Merci de tout c\u0153ur.<\/p>\r\n<p><!-- \/wp:paragraph --><\/p>\r\n<p><b>Compte BNP PARIBAS FORTIS de la FONDATION STICHTING STIFTUNG CHOPIN :<br \/>IBAN : BE08 0018 6526 2813 \u2013 BIC : GEBABEBB.<\/b><\/p>","protected":false},"excerpt":{"rendered":"<p>SPONSORING 2026-2027 Madame, Monsieur, Chers Amis de la F.S.S. Chopin La Fondation Stichting Stiftung Chopin (en abr\u00e9g\u00e9 F.S.S. Chopin) remplit sa mission gr\u00e2ce \u00e0 votre soutien g\u00e9n\u00e9reux. Le conseil d\u2019administration est compos\u00e9 de b\u00e9n\u00e9voles et les activit\u00e9s, telles que des Concerts, D\u00eeners de Gala, Conf\u00e9rences organis\u00e9es par la F.S.S. Chopin sont r\u00e9alis\u00e9es dans le but &hellip; <a class=\"next\" href=\"https:\/\/www.fondationchopin.org\/index.php\/devenir-sponsor-de-la-fondation-chopin\/\">Lire la suite<\/a><\/p>\n","protected":false},"author":8,"featured_media":0,"parent":0,"menu_order":0,"comment_status":"open","ping_status":"open","template":"","meta":[],"_links":{"self":[{"href":"https:\/\/www.fondationchopin.org\/index.php\/wp-json\/wp\/v2\/pages\/680"}],"collection":[{"href":"https:\/\/www.fondationchopin.org\/index.php\/wp-json\/wp\/v2\/pages"}],"about":[{"href":"https:\/\/www.fondationchopin.org\/index.php\/wp-json\/wp\/v2\/types\/page"}],"author":[{"embeddable":true,"href":"https:\/\/www.fondationchopin.org\/index.php\/wp-json\/wp\/v2\/users\/8"}],"replies":[{"embeddable":true,"href":"https:\/\/www.fondationchopin.org\/index.php\/wp-json\/wp\/v2\/comments?post=680"}],"version-history":[{"count":27,"href":"https:\/\/www.fondationchopin.org\/index.php\/wp-json\/wp\/v2\/pages\/680\/revisions"}],"predecessor-version":[{"id":2418,"href":"https:\/\/www.fondationchopin.org\/index.php\/wp-json\/wp\/v2\/pages\/680\/revisions\/2418"}],"wp:attachment":[{"href":"https:\/\/www.fondationchopin.org\/index.php\/wp-json\/wp\/v2\/media?parent=680"}],"curies":[{"name":"wp","href":"https:\/\/api.w.org\/{rel}","templated":true}]}}