{"id":680,"date":"2013-03-17T08:47:26","date_gmt":"2013-03-17T08:47:26","guid":{"rendered":"http:\/\/www.fondationchopin.org\/?page_id=680"},"modified":"2026-04-03T14:18:38","modified_gmt":"2026-04-03T14:18:38","slug":"devenir-sponsor-de-la-fondation-chopin","status":"publish","type":"page","link":"https:\/\/www.fondationchopin.org\/pl\/index.php\/devenir-sponsor-de-la-fondation-chopin\/","title":{"rendered":"Zosta\u0144 sponsorem Fundacji Chopin"},"content":{"rendered":"<p><\/p>\r\n<h2>OFERTA SPONSORSKA 2026-2027<\/h2>\r\n<p><\/p>\r\n<p><\/p>\r\n<p>Szanowni Pa\u0144stwo, Przyjaciele Fundacji Chopina,<\/p>\r\n<p><\/p>\r\n<p><\/p>\r\n<p>Fundacja Chopina realizuje swoj\u0105 misj\u0119 dzi\u0119ki Pa\u0144stwa wsparciu. Osoby tworz\u0105ce Zarz\u0105d Fundacji nie pobieraj\u0105 z tego tytu\u0142u wynagrodzenia, a dzia\u0142ania takie jak koncerty, gale czy konferencje organizowane s\u0105 w celach promocyjnych, po to, by umo\u017cliwi\u0107 przyznanie stypendi\u00f3w m\u0142odym muzykom. Licz\u0105c na Pa\u0144stwa przychylno\u015b\u0107 proponujemy poni\u017csze pakiety sponsorskie:<\/p>\r\n<p><\/p>\r\n<p><\/p>\r\n<h3>SPONSOR G\u0141\u00d3WNY : \u00a0 \u00a0 \u00a0 5 OOO \u20ac<\/h3>\r\n<p><\/p>\r\n<p><\/p>\r\n<p>1. Fundacja Chopina organizuje na rzecz Sponsora koncert (dla ok. 100 os\u00f3b) we wsp\u00f3lnie wybranym miejscu. Koncert prowadzony jest w j\u0119zyku lub j\u0119zykach wskazanych przez Sponsora.<\/p>\r\n<p>2. W porozumieniu z Fundacj\u0105 Chopina Sponsor wybiera m\u0142odego muzyka (polskiego lub belgijskiego), kt\u00f3ry we\u017amie udzia\u0142 w koncercie i zostanie Laureatem Fundacji. Laureatowi zostanie przyznany sta\u017c muzyczny.<\/p>\r\n<p>3. Logo Sponsora zostanie umieszczone na zaproszeniu, programie koncertu i na stronie internetowej Fundacji Chopina.<\/p>\r\n<p>4. Na \u017cyczenie Sponsora ma on mo\u017cliwo\u015b\u0107 prezentacji swojej firmy i jej dzia\u0142alno\u015bci.<\/p>\r\n<p>5. Sponsor pozostawi 20 wolnych miejsc na koncercie do dyspozycji Fundacji Chopina.<\/p>\r\n<p>6. Pakiet sponsorki obejmuje przyj\u0119cie. Na \u017cyczenie Sponsora Fundacja Chopina mo\u017ce zorganizowa\u0107 przyj\u0119cie bufetowe za dodatkow\u0105 op\u0142at\u0105 do uzgodnienia ze Sponsorem.<\/p>\r\n<h3><strong>Z\u0141OTY SPONSOR :\u00a0 \u00a0 \u00a0 \u00a0 \u00a0 2 500 \u20ac<\/strong><\/h3>\r\n<p><\/p>\r\n<p><\/p>\r\n<p>1. Podczas koncertu organizowanego przez Fundacj\u0119 Chopina, Sponsor zostanie wymieniony jako opiekun jednego z m\u0142odych Laureat\u00f3w wybranych przez Zarz\u0105d Fundacji. Laureat ten zostanie wybrany za zgod\u0105 Sponsora i otrzyma stypendium umo\u017cliwiaj\u0105ce nauk\u0119.<\/p>\r\n<p>2. G\u0142\u00f3wnymi j\u0119zykami podczas koncertu b\u0119dzie francuski i\/lub niderlandzki. Kilka s\u0142\u00f3w powitania zostanie skierowanych do go\u015bci po polsku, angielsku i niemiecku.<\/p>\r\n<p>3. Logo Sponsora i nazwa jego firmy zostan\u0105 umieszczone w wybranym przez niego j\u0119zyku w programie i na stronie internetowej Fundacji Chopina.<\/p>\r\n<p>4. Fundacja Chopina zarezerwuje 4 miejsc na koncercie do dyspozycji Sponsora.<\/p>\r\n<p><\/p>\r\n<p><\/p>\r\n<h3>SREBRNY SPONSOR : \u00a0 1.500 \u20ac<\/h3>\r\n<p><\/p>\r\n<p><\/p>\r\n<p>1. Jeden Laureat wybrany przez Zarz\u0105d Fundacji Chopina w porozumieniu ze Sponsorem otrzyma stypendium muzyczne.<\/p>\r\n<p>2. Koncert b\u0119dzie prowadzony w 5 j\u0119zykach, przede wszystkim w j\u0119zyku francuskim i niderlandzkim ze s\u0142owami powitania po angielsku, polsku i niemiecku.<\/p>\r\n<p>3. Firma Sponsora zostanie wymieniona w programie koncertu organizowanego przez Fundacje, a jego logo zostanie umieszczone na stronie internetowej.<\/p>\r\n<p>4. 2 miejsca na koncercie zostan\u0105 oddane do dyspozycji Sponsora.<\/p>\r\n<p><\/p>\r\n<p><\/p>\r\n<h3>DIAMENTOWY SPONSOR NA ROK : 10 000 \u20ac<\/h3>\r\n<p><\/p>\r\n<p><\/p>\r\n<p>1. Kilka stypendi\u00f3w zostanie przyznanych m\u0142odym muzykom wskazanym przez Mistrza JC Vanden Eynden i Pani\u0105 V\u00e9ronique Bogaerts w porozumieniu ze Sponsorem lub Sponsor zaproponuje m\u0142odych muzyk\u00f3w przewidzianych do otrzymania stypendium.<\/p>\r\n<p>2. Sponsor b\u0119dzie mia\u0142 pierwsze\u0144stwo przy przed\u0142u\u017caniu pakietu sponsorskiego, kt\u00f3rego czas trwania zostanie ustalony wsp\u00f3lnie pomi\u0119dzy Zarz\u0105dem Fundacji a Sponsorem.<\/p>\r\n<p>3. Fundacja Chopina zobowi\u0105zuje si\u0119 nie wyst\u0119powa\u0107 o obj\u0119cie sponsoringiem i nie reklamowa\u0107 firm konkurencyjnych wobec Diamentowego Sponsora przez ca\u0142y czas trwania umowy sponsorskiej.<\/p>\r\n<p>4. Sponsor wybierze j\u0119zyk lub j\u0119zyki, w kt\u00f3rych prowadzony b\u0119dzie koncert, zostan\u0105 sporz\u0105dzone zaproszenia, programy i materia\u0142y promocyjne. S\u0142owa powitania zostan\u0105 skierowane do go\u015bci tak\u017ce w trzech innych j\u0119zykach u\u017cywanych przez Fundacj\u0119.<\/p>\r\n<p>5. Fundacja mo\u017ce zorganizowa\u0107 koncert na rzecz Sponsora z udzia\u0142em wybranych m\u0142odych muzyk\u00f3w. Sponsor b\u0119dzie mia\u0142 do dyspozycji 40 miejsc na koncert.<\/p>\r\n<p>6. Sponsor b\u0119dzie mia\u0142 mo\u017cliwo\u015b\u0107 zaprezentowania swojej firmy podczas koncertu, a Fundacja Chopina zredaguje zaproszenia i propozycj\u0119 wyst\u0105pienia dla Sponsora. Sponsor, a tak\u017ce link do strony jego firmy, zostan\u0105 umieszczone na stronie Fundacji Chopina, jak r\u00f3wnie\u017c we wszystkich programach wydarze\u0144 organizowanych przez Fundacj\u0119 Chopina w trakcie trwania umowy sponsorskiej, Fundacja b\u0119dzie prowadzi\u0107 dzia\u0142ania promuj\u0105ce firm\u0119 Sponsora.<\/p>\r\n<p><\/p>\r\n<p><\/p>\r\n<p><\/p>\r\n<p><\/p>\r\n<p>Je\u017celi chc\u0105 Pa\u0144stwo wesprze\u0107 nasz\u0105 dzia\u0142alno\u015b\u0107 poprzez sponsoring prosimy o kontakt z Pani\u0105 Chantal Lobert\u00a0: <a href=\"mailto:chantallobert@yahoo.com\">chantallobert@yahoo.com<\/a> tel. kom. 0475 605041 lub Pani\u0105 Jos\u00e9e Deriu\u00a0: <a href=\"mailto:deriu.josee@gmail.com\">deriu.josee@gmail.com<\/a>, tel. kom. 0475 702084.<\/p>\r\n<p><\/p>\r\n<p><\/p>\r\n<p>Nasza strona : <a href=\"https:\/\/www.fondationchopin.org\/\">www.fondationchopin.org<\/a>.<\/p>\r\n<p>Z ca\u0142ego serca dzi\u0119kujemy za wsparcie na rzecz Fundacji Chopina, kt\u00f3ra od 24 lat pomaga m\u0142odym muzykom w doskonaleniu ich kunsztu.<\/p>\r\n<p><\/p>","protected":false},"excerpt":{"rendered":"<p>OFERTA SPONSORSKA 2026-2027 Szanowni Pa\u0144stwo, Przyjaciele Fundacji Chopina, Fundacja Chopina realizuje swoj\u0105 misj\u0119 dzi\u0119ki Pa\u0144stwa wsparciu. Osoby tworz\u0105ce Zarz\u0105d Fundacji nie pobieraj\u0105 z tego tytu\u0142u wynagrodzenia, a dzia\u0142ania takie jak koncerty, gale czy konferencje organizowane s\u0105 w celach promocyjnych, po to, by umo\u017cliwi\u0107 przyznanie stypendi\u00f3w m\u0142odym muzykom. Licz\u0105c na Pa\u0144stwa przychylno\u015b\u0107 proponujemy poni\u017csze pakiety sponsorskie: &hellip; <a class=\"next\" href=\"https:\/\/www.fondationchopin.org\/pl\/index.php\/devenir-sponsor-de-la-fondation-chopin\/\">Lire la suite<\/a><\/p>\n","protected":false},"author":8,"featured_media":0,"parent":0,"menu_order":0,"comment_status":"open","ping_status":"open","template":"","meta":[],"_links":{"self":[{"href":"https:\/\/www.fondationchopin.org\/pl\/index.php\/wp-json\/wp\/v2\/pages\/680"}],"collection":[{"href":"https:\/\/www.fondationchopin.org\/pl\/index.php\/wp-json\/wp\/v2\/pages"}],"about":[{"href":"https:\/\/www.fondationchopin.org\/pl\/index.php\/wp-json\/wp\/v2\/types\/page"}],"author":[{"embeddable":true,"href":"https:\/\/www.fondationchopin.org\/pl\/index.php\/wp-json\/wp\/v2\/users\/8"}],"replies":[{"embeddable":true,"href":"https:\/\/www.fondationchopin.org\/pl\/index.php\/wp-json\/wp\/v2\/comments?post=680"}],"version-history":[{"count":27,"href":"https:\/\/www.fondationchopin.org\/pl\/index.php\/wp-json\/wp\/v2\/pages\/680\/revisions"}],"predecessor-version":[{"id":2418,"href":"https:\/\/www.fondationchopin.org\/pl\/index.php\/wp-json\/wp\/v2\/pages\/680\/revisions\/2418"}],"wp:attachment":[{"href":"https:\/\/www.fondationchopin.org\/pl\/index.php\/wp-json\/wp\/v2\/media?parent=680"}],"curies":[{"name":"wp","href":"https:\/\/api.w.org\/{rel}","templated":true}]}}